{"id":23,"date":"2017-11-20T17:44:46","date_gmt":"2017-11-20T16:44:46","guid":{"rendered":"http:\/\/medserv.no\/holmenlegene2\/?page_id=23"},"modified":"2017-12-07T08:52:23","modified_gmt":"2017-12-07T07:52:23","slug":"henvendelser-pa-telefon","status":"publish","type":"page","link":"https:\/\/medserv.no\/holmenlegene2\/henvendelser-pa-telefon\/","title":{"rendered":"Time-p\u00e5-dagen"},"content":{"rendered":"<p>Hver dag har vi ledige timer forbeholdt pasienter med akutt sykdom. Pr\u00f8v f\u00f8rst \u00e5 bestill via &laquo;bestill time&raquo;. Dersom ingen ledige timer sender du melding via e-kontakt kl 12.00. Skriv hva timen gjelder.<\/p>\n","protected":false},"excerpt":{"rendered":"<p>Hver dag har vi ledige timer forbeholdt pasienter med akutt sykdom. Pr\u00f8v f\u00f8rst \u00e5 bestill via &laquo;bestill time&raquo;. Dersom ingen ledige timer sender du melding via e-kontakt kl 12.00. Skriv &#8230;<\/p>\n","protected":false},"author":1,"featured_media":0,"parent":0,"menu_order":0,"comment_status":"closed","ping_status":"closed","template":"","meta":{"footnotes":""},"class_list":["post-23","page","type-page","status-publish","hentry"],"_links":{"self":[{"href":"https:\/\/medserv.no\/holmenlegene2\/wp-json\/wp\/v2\/pages\/23","targetHints":{"allow":["GET"]}}],"collection":[{"href":"https:\/\/medserv.no\/holmenlegene2\/wp-json\/wp\/v2\/pages"}],"about":[{"href":"https:\/\/medserv.no\/holmenlegene2\/wp-json\/wp\/v2\/types\/page"}],"author":[{"embeddable":true,"href":"https:\/\/medserv.no\/holmenlegene2\/wp-json\/wp\/v2\/users\/1"}],"replies":[{"embeddable":true,"href":"https:\/\/medserv.no\/holmenlegene2\/wp-json\/wp\/v2\/comments?post=23"}],"version-history":[{"count":8,"href":"https:\/\/medserv.no\/holmenlegene2\/wp-json\/wp\/v2\/pages\/23\/revisions"}],"predecessor-version":[{"id":124,"href":"https:\/\/medserv.no\/holmenlegene2\/wp-json\/wp\/v2\/pages\/23\/revisions\/124"}],"wp:attachment":[{"href":"https:\/\/medserv.no\/holmenlegene2\/wp-json\/wp\/v2\/media?parent=23"}],"curies":[{"name":"wp","href":"https:\/\/api.w.org\/{rel}","templated":true}]}}