{"id":126,"date":"2017-12-07T08:58:00","date_gmt":"2017-12-07T07:58:00","guid":{"rendered":"http:\/\/medserv.no\/holmenlegene2\/?page_id=126"},"modified":"2017-12-07T08:58:00","modified_gmt":"2017-12-07T07:58:00","slug":"her-ser-du-digital-melding-fra-legen","status":"publish","type":"page","link":"https:\/\/medserv.no\/holmenlegene2\/her-ser-du-digital-melding-fra-legen\/","title":{"rendered":"Her ser du digital melding fra legen"},"content":{"rendered":"<p>Du f\u00e5r et SMS-varsel n\u00e5r du mottar et digitalt svar fra legen. <a href=\"https:\/\/helsenorge.no\/om-min-helse\/meldinger\/\" rel=\"noopener\" target=\"_blank\">Klikk her<\/a> for \u00e5 logg inn p\u00e5 helsenorge.no med BankID for \u00e5 lese hele meldingen. Detaljene vises ved klikk p\u00e5 hvert emne i meldingsoversikten din.<\/p>\n","protected":false},"excerpt":{"rendered":"<p>Du f\u00e5r et SMS-varsel n\u00e5r du mottar et digitalt svar fra legen. Klikk her for \u00e5 logg inn p\u00e5 helsenorge.no med BankID for \u00e5 lese hele meldingen. Detaljene vises ved &#8230;<\/p>\n","protected":false},"author":1,"featured_media":0,"parent":0,"menu_order":0,"comment_status":"closed","ping_status":"closed","template":"","meta":{"footnotes":""},"class_list":["post-126","page","type-page","status-publish","hentry"],"_links":{"self":[{"href":"https:\/\/medserv.no\/holmenlegene2\/wp-json\/wp\/v2\/pages\/126","targetHints":{"allow":["GET"]}}],"collection":[{"href":"https:\/\/medserv.no\/holmenlegene2\/wp-json\/wp\/v2\/pages"}],"about":[{"href":"https:\/\/medserv.no\/holmenlegene2\/wp-json\/wp\/v2\/types\/page"}],"author":[{"embeddable":true,"href":"https:\/\/medserv.no\/holmenlegene2\/wp-json\/wp\/v2\/users\/1"}],"replies":[{"embeddable":true,"href":"https:\/\/medserv.no\/holmenlegene2\/wp-json\/wp\/v2\/comments?post=126"}],"version-history":[{"count":1,"href":"https:\/\/medserv.no\/holmenlegene2\/wp-json\/wp\/v2\/pages\/126\/revisions"}],"predecessor-version":[{"id":127,"href":"https:\/\/medserv.no\/holmenlegene2\/wp-json\/wp\/v2\/pages\/126\/revisions\/127"}],"wp:attachment":[{"href":"https:\/\/medserv.no\/holmenlegene2\/wp-json\/wp\/v2\/media?parent=126"}],"curies":[{"name":"wp","href":"https:\/\/api.w.org\/{rel}","templated":true}]}}